{"id":2385,"date":"2026-01-21T14:21:19","date_gmt":"2026-01-21T14:21:19","guid":{"rendered":"https:\/\/cuorekapricho.com\/?product=pack-arabe-25"},"modified":"2026-01-21T14:21:22","modified_gmt":"2026-01-21T14:21:22","slug":"pack-arabe-25","status":"publish","type":"product","link":"https:\/\/cuorekapricho.com\/?product=pack-arabe-25","title":{"rendered":"PACK \u00c1RABE 25"},"content":{"rendered":"<p>Peluche coraz\u00f3n, perfume kamrah 50ml desodorante y reloj , lleva bol\u00edgrafo con forma coraz\u00f3n que tiene luz led ( SE PUEDE HACER CON CUALQUIER PERFUME QUE TE GUSTE)<\/p>\n","protected":false},"excerpt":{"rendered":"<p>Peluche coraz\u00f3n, perfume kamrah 50ml desodorante y reloj , lleva bol\u00edgrafo con forma coraz\u00f3n que tiene luz led ( SE PUEDE HACER CON CUALQUIER PERFUME QUE TE GUSTE)<\/p>\n","protected":false},"featured_media":2384,"comment_status":"open","ping_status":"closed","template":"","meta":[],"product_brand":[],"product_cat":[113,71],"product_tag":[],"class_list":{"0":"post-2385","1":"product","2":"type-product","3":"status-publish","4":"has-post-thumbnail","6":"product_cat-enamorados","7":"product_cat-beauty","9":"first","10":"instock","11":"shipping-taxable","12":"purchasable","13":"product-type-simple","14":"thumb-no-effect","15":"prod-rating-off"},"jetpack_sharing_enabled":true,"_links":{"self":[{"href":"https:\/\/cuorekapricho.com\/index.php?rest_route=\/wp\/v2\/product\/2385","targetHints":{"allow":["GET"]}}],"collection":[{"href":"https:\/\/cuorekapricho.com\/index.php?rest_route=\/wp\/v2\/product"}],"about":[{"href":"https:\/\/cuorekapricho.com\/index.php?rest_route=\/wp\/v2\/types\/product"}],"replies":[{"embeddable":true,"href":"https:\/\/cuorekapricho.com\/index.php?rest_route=%2Fwp%2Fv2%2Fcomments&post=2385"}],"wp:featuredmedia":[{"embeddable":true,"href":"https:\/\/cuorekapricho.com\/index.php?rest_route=\/wp\/v2\/media\/2384"}],"wp:attachment":[{"href":"https:\/\/cuorekapricho.com\/index.php?rest_route=%2Fwp%2Fv2%2Fmedia&parent=2385"}],"wp:term":[{"taxonomy":"product_brand","embeddable":true,"href":"https:\/\/cuorekapricho.com\/index.php?rest_route=%2Fwp%2Fv2%2Fproduct_brand&post=2385"},{"taxonomy":"product_cat","embeddable":true,"href":"https:\/\/cuorekapricho.com\/index.php?rest_route=%2Fwp%2Fv2%2Fproduct_cat&post=2385"},{"taxonomy":"product_tag","embeddable":true,"href":"https:\/\/cuorekapricho.com\/index.php?rest_route=%2Fwp%2Fv2%2Fproduct_tag&post=2385"}],"curies":[{"name":"wp","href":"https:\/\/api.w.org\/{rel}","templated":true}]}}