{"id":2088,"date":"2025-11-04T19:32:10","date_gmt":"2025-11-04T19:32:10","guid":{"rendered":"https:\/\/cuorekapricho.com\/?post_type=product&#038;p=2088"},"modified":"2025-11-04T19:32:10","modified_gmt":"2025-11-04T19:32:10","slug":"pijama-nino-nina-navidad","status":"publish","type":"product","link":"https:\/\/cuorekapricho.com\/?product=pijama-nino-nina-navidad","title":{"rendered":"PIJAMA NI\u00d1O\/NI\u00d1A NAVIDAD"},"content":{"rendered":"<p>PIJAMA NAVIDE\u00d1O IDEAL PARA FAMILIAS. ALGOD\u00d3N . AFELPADO POR DENTRO.<\/p>\n","protected":false},"excerpt":{"rendered":"<p>PIJAMA NAVIDE\u00d1O IDEAL PARA FAMILIAS. ALGOD\u00d3N . AFELPADO POR DENTRO.<\/p>\n","protected":false},"featured_media":2095,"comment_status":"open","ping_status":"closed","template":"","meta":[],"product_brand":[],"product_cat":[67,68,89],"product_tag":[],"class_list":{"0":"post-2088","1":"product","2":"type-product","3":"status-publish","4":"has-post-thumbnail","6":"product_cat-hogar","7":"product_cat-moda","8":"product_cat-pijamas","10":"first","11":"instock","12":"shipping-taxable","13":"purchasable","14":"product-type-variable","15":"thumb-has-effect","16":"prod-rating-off"},"jetpack_sharing_enabled":true,"_links":{"self":[{"href":"https:\/\/cuorekapricho.com\/index.php?rest_route=\/wp\/v2\/product\/2088","targetHints":{"allow":["GET"]}}],"collection":[{"href":"https:\/\/cuorekapricho.com\/index.php?rest_route=\/wp\/v2\/product"}],"about":[{"href":"https:\/\/cuorekapricho.com\/index.php?rest_route=\/wp\/v2\/types\/product"}],"replies":[{"embeddable":true,"href":"https:\/\/cuorekapricho.com\/index.php?rest_route=%2Fwp%2Fv2%2Fcomments&post=2088"}],"wp:featuredmedia":[{"embeddable":true,"href":"https:\/\/cuorekapricho.com\/index.php?rest_route=\/wp\/v2\/media\/2095"}],"wp:attachment":[{"href":"https:\/\/cuorekapricho.com\/index.php?rest_route=%2Fwp%2Fv2%2Fmedia&parent=2088"}],"wp:term":[{"taxonomy":"product_brand","embeddable":true,"href":"https:\/\/cuorekapricho.com\/index.php?rest_route=%2Fwp%2Fv2%2Fproduct_brand&post=2088"},{"taxonomy":"product_cat","embeddable":true,"href":"https:\/\/cuorekapricho.com\/index.php?rest_route=%2Fwp%2Fv2%2Fproduct_cat&post=2088"},{"taxonomy":"product_tag","embeddable":true,"href":"https:\/\/cuorekapricho.com\/index.php?rest_route=%2Fwp%2Fv2%2Fproduct_tag&post=2088"}],"curies":[{"name":"wp","href":"https:\/\/api.w.org\/{rel}","templated":true}]}}