{"id":2081,"date":"2025-11-04T19:26:34","date_gmt":"2025-11-04T19:26:34","guid":{"rendered":"https:\/\/cuorekapricho.com\/?post_type=product&#038;p=2081"},"modified":"2025-11-04T19:27:48","modified_gmt":"2025-11-04T19:27:48","slug":"pijama-navidad-mujer","status":"publish","type":"product","link":"https:\/\/cuorekapricho.com\/?product=pijama-navidad-mujer","title":{"rendered":"PIJAMA NAVIDAD MUJER"},"content":{"rendered":"<p>Pijama con motivo navide\u00f1o PAP\u00c1 NOEL . ALGOD\u00d3N.\u00a0 AFELPADO POR DENTRO<\/p>\n","protected":false},"excerpt":{"rendered":"<p>Pijama con motivo navide\u00f1o PAP\u00c1 NOEL . ALGOD\u00d3N.\u00a0 AFELPADO POR DENTRO<\/p>\n","protected":false},"featured_media":2077,"comment_status":"open","ping_status":"closed","template":"","meta":[],"product_brand":[],"product_cat":[67,68,89],"product_tag":[],"class_list":{"0":"post-2081","1":"product","2":"type-product","3":"status-publish","4":"has-post-thumbnail","6":"product_cat-hogar","7":"product_cat-moda","8":"product_cat-pijamas","10":"first","11":"instock","12":"shipping-taxable","13":"purchasable","14":"product-type-variable","15":"thumb-has-effect","16":"prod-rating-off"},"jetpack_sharing_enabled":true,"_links":{"self":[{"href":"https:\/\/cuorekapricho.com\/index.php?rest_route=\/wp\/v2\/product\/2081","targetHints":{"allow":["GET"]}}],"collection":[{"href":"https:\/\/cuorekapricho.com\/index.php?rest_route=\/wp\/v2\/product"}],"about":[{"href":"https:\/\/cuorekapricho.com\/index.php?rest_route=\/wp\/v2\/types\/product"}],"replies":[{"embeddable":true,"href":"https:\/\/cuorekapricho.com\/index.php?rest_route=%2Fwp%2Fv2%2Fcomments&post=2081"}],"wp:featuredmedia":[{"embeddable":true,"href":"https:\/\/cuorekapricho.com\/index.php?rest_route=\/wp\/v2\/media\/2077"}],"wp:attachment":[{"href":"https:\/\/cuorekapricho.com\/index.php?rest_route=%2Fwp%2Fv2%2Fmedia&parent=2081"}],"wp:term":[{"taxonomy":"product_brand","embeddable":true,"href":"https:\/\/cuorekapricho.com\/index.php?rest_route=%2Fwp%2Fv2%2Fproduct_brand&post=2081"},{"taxonomy":"product_cat","embeddable":true,"href":"https:\/\/cuorekapricho.com\/index.php?rest_route=%2Fwp%2Fv2%2Fproduct_cat&post=2081"},{"taxonomy":"product_tag","embeddable":true,"href":"https:\/\/cuorekapricho.com\/index.php?rest_route=%2Fwp%2Fv2%2Fproduct_tag&post=2081"}],"curies":[{"name":"wp","href":"https:\/\/api.w.org\/{rel}","templated":true}]}}