{"id":1839,"date":"2025-10-31T00:54:40","date_gmt":"2025-10-31T00:54:40","guid":{"rendered":"https:\/\/cuorekapricho.com\/?post_type=product&#038;p=1839"},"modified":"2025-11-24T21:54:56","modified_gmt":"2025-11-24T21:54:56","slug":"edredon-borrego-sena","status":"publish","type":"product","link":"https:\/\/cuorekapricho.com\/?product=edredon-borrego-sena","title":{"rendered":"EDREDON BORREGO SENA"},"content":{"rendered":"<p>Conforter Sherpa Sena de Catotex. Una elegante sherpa, c\u00e1lida y acogedora, con un dise\u00f1o sencillo en tono verde agua ideal para el invierno.<\/p>\n<p>incluye fundas de coj\u00edn ( cama 90-105 1 funda; cama 135 hasta 180 2 fundas).<\/p>\n","protected":false},"excerpt":{"rendered":"<p>Conforter Sherpa Sena de Catotex. Una elegante sherpa, c\u00e1lida y acogedora, con un dise\u00f1o sencillo en tono verde agua ideal para el invierno. incluye fundas de coj\u00edn ( cama 90-105&hellip;<\/p>\n","protected":false},"featured_media":1840,"comment_status":"open","ping_status":"closed","template":"","meta":[],"product_brand":[],"product_cat":[76,67],"product_tag":[],"class_list":{"0":"post-1839","1":"product","2":"type-product","3":"status-publish","4":"has-post-thumbnail","6":"product_cat-edredon-borrego","7":"product_cat-hogar","9":"first","10":"onbackorder","11":"shipping-taxable","12":"purchasable","13":"product-type-variable","14":"thumb-no-effect","15":"prod-rating-off"},"jetpack_sharing_enabled":true,"_links":{"self":[{"href":"https:\/\/cuorekapricho.com\/index.php?rest_route=\/wp\/v2\/product\/1839","targetHints":{"allow":["GET"]}}],"collection":[{"href":"https:\/\/cuorekapricho.com\/index.php?rest_route=\/wp\/v2\/product"}],"about":[{"href":"https:\/\/cuorekapricho.com\/index.php?rest_route=\/wp\/v2\/types\/product"}],"replies":[{"embeddable":true,"href":"https:\/\/cuorekapricho.com\/index.php?rest_route=%2Fwp%2Fv2%2Fcomments&post=1839"}],"wp:featuredmedia":[{"embeddable":true,"href":"https:\/\/cuorekapricho.com\/index.php?rest_route=\/wp\/v2\/media\/1840"}],"wp:attachment":[{"href":"https:\/\/cuorekapricho.com\/index.php?rest_route=%2Fwp%2Fv2%2Fmedia&parent=1839"}],"wp:term":[{"taxonomy":"product_brand","embeddable":true,"href":"https:\/\/cuorekapricho.com\/index.php?rest_route=%2Fwp%2Fv2%2Fproduct_brand&post=1839"},{"taxonomy":"product_cat","embeddable":true,"href":"https:\/\/cuorekapricho.com\/index.php?rest_route=%2Fwp%2Fv2%2Fproduct_cat&post=1839"},{"taxonomy":"product_tag","embeddable":true,"href":"https:\/\/cuorekapricho.com\/index.php?rest_route=%2Fwp%2Fv2%2Fproduct_tag&post=1839"}],"curies":[{"name":"wp","href":"https:\/\/api.w.org\/{rel}","templated":true}]}}