{"id":1830,"date":"2025-10-30T19:23:22","date_gmt":"2025-10-30T19:23:22","guid":{"rendered":"https:\/\/cuorekapricho.com\/?post_type=product&#038;p=1830"},"modified":"2025-10-30T19:23:22","modified_gmt":"2025-10-30T19:23:22","slug":"perfume-diamond-brown","status":"publish","type":"product","link":"https:\/\/cuorekapricho.com\/?product=perfume-diamond-brown","title":{"rendered":"Perfume Diamond Brown"},"content":{"rendered":"<p>NOTAS DE SALIDA: Lim\u00f3n<\/p>\n<p>NOTAS DE CORAZ\u00d3N: Panacotta y Flor de Azahar.<\/p>\n<p>NOTAS DE FONDO: Vainilla y Atalcado ( Mezcla de almizcle y s\u00e1ndalo).<\/p>\n","protected":false},"excerpt":{"rendered":"<p>NOTAS DE SALIDA: Lim\u00f3n NOTAS DE CORAZ\u00d3N: Panacotta y Flor de Azahar. NOTAS DE FONDO: Vainilla y Atalcado ( Mezcla de almizcle y s\u00e1ndalo).<\/p>\n","protected":false},"featured_media":1824,"comment_status":"open","ping_status":"closed","template":"","meta":[],"product_brand":[],"product_cat":[71,92],"product_tag":[],"class_list":{"0":"post-1830","1":"product","2":"type-product","3":"status-publish","4":"has-post-thumbnail","6":"product_cat-beauty","7":"product_cat-perfumes","9":"first","10":"instock","11":"shipping-taxable","12":"purchasable","13":"product-type-simple","14":"thumb-no-effect","15":"prod-rating-off"},"jetpack_sharing_enabled":true,"_links":{"self":[{"href":"https:\/\/cuorekapricho.com\/index.php?rest_route=\/wp\/v2\/product\/1830","targetHints":{"allow":["GET"]}}],"collection":[{"href":"https:\/\/cuorekapricho.com\/index.php?rest_route=\/wp\/v2\/product"}],"about":[{"href":"https:\/\/cuorekapricho.com\/index.php?rest_route=\/wp\/v2\/types\/product"}],"replies":[{"embeddable":true,"href":"https:\/\/cuorekapricho.com\/index.php?rest_route=%2Fwp%2Fv2%2Fcomments&post=1830"}],"wp:featuredmedia":[{"embeddable":true,"href":"https:\/\/cuorekapricho.com\/index.php?rest_route=\/wp\/v2\/media\/1824"}],"wp:attachment":[{"href":"https:\/\/cuorekapricho.com\/index.php?rest_route=%2Fwp%2Fv2%2Fmedia&parent=1830"}],"wp:term":[{"taxonomy":"product_brand","embeddable":true,"href":"https:\/\/cuorekapricho.com\/index.php?rest_route=%2Fwp%2Fv2%2Fproduct_brand&post=1830"},{"taxonomy":"product_cat","embeddable":true,"href":"https:\/\/cuorekapricho.com\/index.php?rest_route=%2Fwp%2Fv2%2Fproduct_cat&post=1830"},{"taxonomy":"product_tag","embeddable":true,"href":"https:\/\/cuorekapricho.com\/index.php?rest_route=%2Fwp%2Fv2%2Fproduct_tag&post=1830"}],"curies":[{"name":"wp","href":"https:\/\/api.w.org\/{rel}","templated":true}]}}